{"id":78,"date":"2016-03-11T18:22:00","date_gmt":"2016-03-11T18:22:00","guid":{"rendered":"http:\/\/parroquiabegona.archimadrid.es\/?page_id=78"},"modified":"2025-07-08T14:44:15","modified_gmt":"2025-07-08T14:44:15","slug":"horario-de-cultos","status":"publish","type":"page","link":"https:\/\/parroquiabegona.archimadrid.es\/?page_id=78","title":{"rendered":"HORARIO DE CULTOS"},"content":{"rendered":"<p><img src=\"https:\/\/parroquiabegona.archimadrid.es\/wp-content\/uploads\/2025\/07\/HorariosVerano2025-2-705x1024.png\" alt=\"La imagen tiene un atributo ALT vac\u00edo; su nombre de archivo es HorariosVerano2025-2-705x1024.png\" \/><\/p>\n<p style=\"text-align: center;\"><strong>HORARIO DE CULTOS EN LA PARROQUIA DE\u00a0 NUESTRA SE\u00d1ORA DE BEGO\u00d1A<\/strong><\/p>\n<p style=\"text-align: center;\">\n<p>Calle Marcos de Orueta, n.15-C<br \/>\n<a href=\"http:\/\/www.misas.org\/buscar\/?postal_code=28034\">CP-28034<\/a>, <a href=\"http:\/\/www.misas.org\/buscar\/?location=Madrid\">Madrid<\/a><br \/>\nMadrid, <strong>Espa\u00f1a<\/strong><\/p>\n<p>Parroquia Nuestra Se\u00f1ora de Bego\u00f1a Tel. 91-358 28 56<\/p>\n<p>Residencia \u00a0de \u00a0Padres Carmelitas: Tel. 91-358 27 63<\/p>\n<p><strong>\u00a0<\/strong><\/p>\n<p><strong>HORARIO DE MISAS<\/strong><\/p>\n<p><strong>Laborables<\/strong><\/p>\n<p>09:00<\/p>\n<p>20:00<\/p>\n<p>V\u00edsperas<\/p>\n<p>20:00<\/p>\n<p><strong>Festivos<\/strong><\/p>\n<p>10:00<\/p>\n<p>11:00 (Capilla) SUSPENDIDA POR LA SITUACI\u00d3N SANITARIA<\/p>\n<p>12:00<\/p>\n<p>13:00<\/p>\n<p>20:00<\/p>\n<p>NOTA.- Durante los meses de\u00a0julio, agosto y septiembre, se suprime la misa de 12:00 h.de los d\u00edas festivos.<\/p>\n<p><strong>M\u00e1s informaci\u00f3n<\/strong><\/p>\n<p><strong>Apertura del Templo<\/strong>: de 8:30 a 10:00 horas \u00a0y de 19:15 a 21:00 horas.<\/p>\n<p><strong>Despacho parroquial<\/strong>: de 19:00 a 20:00 horas<\/p>\n<p><strong>Santo Rosario<\/strong>: todos los d\u00edas, a las 19:35<\/p>\n<p><strong>Confesiones<\/strong>: media hora antes de las Misas y siempre que se pida.<\/p>\n<p><strong>Primeros viernes de mes: <\/strong>Exposici\u00f3n del Sant\u00edsimo a las 19:00 horas. Tras un rato de oraci\u00f3n, se oculta a las 19:30. \u00a0A continuaci\u00f3n, en celebraci\u00f3n comunitaria, varios sacerdotes administran el Sacramento de la Penitencia a las personas que lo deseen.<\/p>\n<p>A continuaci\u00f3n se \u00a0procede a la administraci\u00f3n del el Sacramento de la Penitencia.<\/p>\n<p>A continuaci\u00f3n, varios sacerdotes administran el Sacramento de la Penitencia a las personas que lo deseen.<\/p>\n","protected":false},"excerpt":{"rendered":"<p>HORARIO DE CULTOS EN LA PARROQUIA DE\u00a0 NUESTRA SE\u00d1ORA DE BEGO\u00d1A Calle Marcos de Orueta, n.15-C CP-28034, Madrid Madrid, Espa\u00f1a Parroquia Nuestra Se\u00f1ora de Bego\u00f1a Tel. 91-358 28 56 Residencia \u00a0de \u00a0Padres Carmelitas: Tel. 91-358 27 63 \u00a0 HORARIO DE MISAS Laborables 09:00 20:00 V\u00edsperas 20:00 Festivos 10:00 11:00 (Capilla) SUSPENDIDA POR LA SITUACI\u00d3N SANITARIA &#8230; <span class=\"more\"><a class=\"more-link\" href=\"https:\/\/parroquiabegona.archimadrid.es\/?page_id=78\">[Read more&#8230;]<\/a><\/span><\/p>\n","protected":false},"author":2,"featured_media":0,"parent":0,"menu_order":0,"comment_status":"closed","ping_status":"closed","template":"","meta":[],"_links":{"self":[{"href":"https:\/\/parroquiabegona.archimadrid.es\/index.php?rest_route=\/wp\/v2\/pages\/78"}],"collection":[{"href":"https:\/\/parroquiabegona.archimadrid.es\/index.php?rest_route=\/wp\/v2\/pages"}],"about":[{"href":"https:\/\/parroquiabegona.archimadrid.es\/index.php?rest_route=\/wp\/v2\/types\/page"}],"author":[{"embeddable":true,"href":"https:\/\/parroquiabegona.archimadrid.es\/index.php?rest_route=\/wp\/v2\/users\/2"}],"replies":[{"embeddable":true,"href":"https:\/\/parroquiabegona.archimadrid.es\/index.php?rest_route=%2Fwp%2Fv2%2Fcomments&post=78"}],"version-history":[{"count":3,"href":"https:\/\/parroquiabegona.archimadrid.es\/index.php?rest_route=\/wp\/v2\/pages\/78\/revisions"}],"predecessor-version":[{"id":1794,"href":"https:\/\/parroquiabegona.archimadrid.es\/index.php?rest_route=\/wp\/v2\/pages\/78\/revisions\/1794"}],"wp:attachment":[{"href":"https:\/\/parroquiabegona.archimadrid.es\/index.php?rest_route=%2Fwp%2Fv2%2Fmedia&parent=78"}],"curies":[{"name":"wp","href":"https:\/\/api.w.org\/{rel}","templated":true}]}}